{"id":738,"date":"2025-01-02T20:22:05","date_gmt":"2025-01-02T20:22:05","guid":{"rendered":"https:\/\/iatricskinesiologia.com\/?post_type=product&#038;p=738"},"modified":"2026-04-17T14:13:30","modified_gmt":"2026-04-17T14:13:30","slug":"e-book-cansancio-visual-guia-para-cuidar-tu-vista-en-el-dia-a-dia","status":"publish","type":"product","link":"https:\/\/iatricskinesiologia.com\/index.php\/producto\/e-book-cansancio-visual-guia-para-cuidar-tu-vista-en-el-dia-a-dia\/","title":{"rendered":"E-Book: Cansancio Visual \u2013 Gu\u00eda para cuidar tu vista en el d\u00eda a d\u00eda"},"content":{"rendered":"<p>Descubr\u00ed c\u00f3mo prevenir y aliviar la fatiga visual con consejos pr\u00e1cticos y ejercicios simples dise\u00f1ados por la Lic. Agustina Merediz, Directora de Iatrics Kinesiolog\u00eda.<br \/>\nEn este e-book encontrar\u00e1s:<\/p>\n<p>Qu\u00e9 es el cansancio visual y sus principales causas.<br \/>\nTips esenciales para trabajar frente a pantallas.<br \/>\nEjercicios para relajar y cuidar tus ojos.<br \/>\nMejor\u00e1 tu bienestar visual con esta gu\u00eda completa, pensada para quienes buscan un descanso real para su mirada.<\/p>\n","protected":false},"excerpt":{"rendered":"<p>Descubr\u00ed c\u00f3mo prevenir y aliviar la fatiga visual con consejos pr\u00e1cticos y ejercicios simples dise\u00f1ados por la Lic. Agustina Merediz, Directora de Iatrics Kinesiolog\u00eda. En este e-book encontrar\u00e1s: Qu\u00e9 es el cansancio visual y sus principales causas. Tips esenciales para trabajar frente a pantallas. Ejercicios para relajar y cuidar tus ojos. Mejor\u00e1 tu bienestar visual &hellip; <\/p>\n","protected":false},"featured_media":760,"comment_status":"open","ping_status":"closed","template":"","meta":{"om_disable_all_campaigns":false,"_monsterinsights_skip_tracking":false,"_monsterinsights_sitenote_active":false,"_monsterinsights_sitenote_note":"","_monsterinsights_sitenote_category":0,"_glsr_average":0,"_glsr_ranking":0,"_glsr_reviews":0},"product_brand":[],"product_cat":[25],"product_tag":[],"class_list":{"0":"post-738","1":"product","2":"type-product","3":"status-publish","4":"has-post-thumbnail","6":"product_cat-sin-categorizar","7":"grid-sizer","9":"first","10":"instock","11":"downloadable","12":"shipping-taxable","13":"purchasable","14":"product-type-simple"},"aioseo_notices":[],"_links":{"self":[{"href":"https:\/\/iatricskinesiologia.com\/index.php\/wp-json\/wp\/v2\/product\/738","targetHints":{"allow":["GET"]}}],"collection":[{"href":"https:\/\/iatricskinesiologia.com\/index.php\/wp-json\/wp\/v2\/product"}],"about":[{"href":"https:\/\/iatricskinesiologia.com\/index.php\/wp-json\/wp\/v2\/types\/product"}],"replies":[{"embeddable":true,"href":"https:\/\/iatricskinesiologia.com\/index.php\/wp-json\/wp\/v2\/comments?post=738"}],"wp:featuredmedia":[{"embeddable":true,"href":"https:\/\/iatricskinesiologia.com\/index.php\/wp-json\/wp\/v2\/media\/760"}],"wp:attachment":[{"href":"https:\/\/iatricskinesiologia.com\/index.php\/wp-json\/wp\/v2\/media?parent=738"}],"wp:term":[{"taxonomy":"product_brand","embeddable":true,"href":"https:\/\/iatricskinesiologia.com\/index.php\/wp-json\/wp\/v2\/product_brand?post=738"},{"taxonomy":"product_cat","embeddable":true,"href":"https:\/\/iatricskinesiologia.com\/index.php\/wp-json\/wp\/v2\/product_cat?post=738"},{"taxonomy":"product_tag","embeddable":true,"href":"https:\/\/iatricskinesiologia.com\/index.php\/wp-json\/wp\/v2\/product_tag?post=738"}],"curies":[{"name":"wp","href":"https:\/\/api.w.org\/{rel}","templated":true}]}}