{"id":649,"date":"2024-07-26T02:33:33","date_gmt":"2024-07-26T02:33:33","guid":{"rendered":"https:\/\/iatricskinesiologia.com\/?post_type=product&#038;p=649"},"modified":"2025-07-28T15:37:01","modified_gmt":"2025-07-28T15:37:01","slug":"e-book-como-descansar-mejor","status":"publish","type":"product","link":"https:\/\/iatricskinesiologia.com\/index.php\/producto\/e-book-como-descansar-mejor\/","title":{"rendered":"E-Book \u00bfC\u00f3mo descansar mejor?"},"content":{"rendered":"<p>Optimiz\u00e1 tu descanso y mejor\u00e1 tu rutina matutina con nuestros pr\u00e1cticos consejos. Aprend\u00e9 a levantarte de la cama de manera segura y a potenciar la calidad de tu sue\u00f1o para un d\u00eda lleno de energ\u00eda.<\/p>\n<p>\u00bfQu\u00e9 encontrar\u00e1s en nuestras recomendaciones?<\/p>\n<p>T\u00e9cnicas de Levantamiento: Pasos para levantarte de la cama sin esfuerzo, protegiendo tu espalda y evitando molestias.<br \/>\nMejoras en el Sue\u00f1o: Estrategias para crear un entorno propicio para un descanso reparador.<br \/>\nPostura al Dormir: Consejos para adoptar posturas que favorezcan un sue\u00f1o m\u00e1s profundo y sin interrupciones.<br \/>\nRituales Matutinos: H\u00e1bitos y rutinas para comenzar el d\u00eda con energ\u00eda y vitalidad.<br \/>\nIdeal para quienes desean mejorar la calidad de su descanso y empezar el d\u00eda de manera renovada.<\/p>\n","protected":false},"excerpt":{"rendered":"<p>Optimiz\u00e1 tu descanso y mejor\u00e1 tu rutina matutina con nuestros pr\u00e1cticos consejos. Aprend\u00e9 a levantarte de la cama de manera segura y a potenciar la calidad de tu sue\u00f1o para un d\u00eda lleno de energ\u00eda. \u00bfQu\u00e9 encontrar\u00e1s en nuestras recomendaciones? T\u00e9cnicas de Levantamiento: Pasos para levantarte de la cama sin esfuerzo, protegiendo tu espalda y &hellip; <\/p>\n","protected":false},"featured_media":762,"comment_status":"open","ping_status":"closed","template":"","meta":{"om_disable_all_campaigns":false,"_monsterinsights_skip_tracking":false,"_monsterinsights_sitenote_active":false,"_monsterinsights_sitenote_note":"","_monsterinsights_sitenote_category":0,"_glsr_average":0,"_glsr_ranking":0,"_glsr_reviews":0},"product_brand":[],"product_cat":[26],"product_tag":[],"class_list":{"0":"post-649","1":"product","2":"type-product","3":"status-publish","4":"has-post-thumbnail","6":"product_cat-ebook","7":"grid-sizer","9":"first","10":"instock","11":"downloadable","12":"virtual","13":"purchasable","14":"product-type-simple"},"aioseo_notices":[],"_links":{"self":[{"href":"https:\/\/iatricskinesiologia.com\/index.php\/wp-json\/wp\/v2\/product\/649","targetHints":{"allow":["GET"]}}],"collection":[{"href":"https:\/\/iatricskinesiologia.com\/index.php\/wp-json\/wp\/v2\/product"}],"about":[{"href":"https:\/\/iatricskinesiologia.com\/index.php\/wp-json\/wp\/v2\/types\/product"}],"replies":[{"embeddable":true,"href":"https:\/\/iatricskinesiologia.com\/index.php\/wp-json\/wp\/v2\/comments?post=649"}],"wp:featuredmedia":[{"embeddable":true,"href":"https:\/\/iatricskinesiologia.com\/index.php\/wp-json\/wp\/v2\/media\/762"}],"wp:attachment":[{"href":"https:\/\/iatricskinesiologia.com\/index.php\/wp-json\/wp\/v2\/media?parent=649"}],"wp:term":[{"taxonomy":"product_brand","embeddable":true,"href":"https:\/\/iatricskinesiologia.com\/index.php\/wp-json\/wp\/v2\/product_brand?post=649"},{"taxonomy":"product_cat","embeddable":true,"href":"https:\/\/iatricskinesiologia.com\/index.php\/wp-json\/wp\/v2\/product_cat?post=649"},{"taxonomy":"product_tag","embeddable":true,"href":"https:\/\/iatricskinesiologia.com\/index.php\/wp-json\/wp\/v2\/product_tag?post=649"}],"curies":[{"name":"wp","href":"https:\/\/api.w.org\/{rel}","templated":true}]}}