{"id":627,"date":"2024-07-23T17:46:10","date_gmt":"2024-07-23T17:46:10","guid":{"rendered":"https:\/\/iatricskinesiologia.com\/?post_type=product&#038;p=627"},"modified":"2025-07-28T15:40:37","modified_gmt":"2025-07-28T15:40:37","slug":"guia-como-elegir-tu-almohada-ideal","status":"publish","type":"product","link":"https:\/\/iatricskinesiologia.com\/index.php\/producto\/guia-como-elegir-tu-almohada-ideal\/","title":{"rendered":"Gu\u00eda: \u00bfC\u00f3mo elegir tu almohada ideal?"},"content":{"rendered":"<p>En esta gu\u00eda, encontrar\u00e1s todas nuestras recomendaciones para elegir la almohada ideal que acompa\u00f1e tu descanso.<\/p>\n","protected":false},"excerpt":{"rendered":"<p>En esta gu\u00eda, encontrar\u00e1s todas nuestras recomendaciones para elegir la almohada ideal que acompa\u00f1e tu descanso.<\/p>\n","protected":false},"featured_media":758,"comment_status":"open","ping_status":"closed","template":"","meta":{"om_disable_all_campaigns":false,"_monsterinsights_skip_tracking":false,"_monsterinsights_sitenote_active":false,"_monsterinsights_sitenote_note":"","_monsterinsights_sitenote_category":0,"_glsr_average":0,"_glsr_ranking":0,"_glsr_reviews":0},"product_brand":[],"product_cat":[26],"product_tag":[],"class_list":{"0":"post-627","1":"product","2":"type-product","3":"status-publish","4":"has-post-thumbnail","6":"product_cat-ebook","7":"grid-sizer","9":"first","10":"instock","11":"downloadable","12":"virtual","13":"purchasable","14":"product-type-simple"},"aioseo_notices":[],"_links":{"self":[{"href":"https:\/\/iatricskinesiologia.com\/index.php\/wp-json\/wp\/v2\/product\/627","targetHints":{"allow":["GET"]}}],"collection":[{"href":"https:\/\/iatricskinesiologia.com\/index.php\/wp-json\/wp\/v2\/product"}],"about":[{"href":"https:\/\/iatricskinesiologia.com\/index.php\/wp-json\/wp\/v2\/types\/product"}],"replies":[{"embeddable":true,"href":"https:\/\/iatricskinesiologia.com\/index.php\/wp-json\/wp\/v2\/comments?post=627"}],"wp:featuredmedia":[{"embeddable":true,"href":"https:\/\/iatricskinesiologia.com\/index.php\/wp-json\/wp\/v2\/media\/758"}],"wp:attachment":[{"href":"https:\/\/iatricskinesiologia.com\/index.php\/wp-json\/wp\/v2\/media?parent=627"}],"wp:term":[{"taxonomy":"product_brand","embeddable":true,"href":"https:\/\/iatricskinesiologia.com\/index.php\/wp-json\/wp\/v2\/product_brand?post=627"},{"taxonomy":"product_cat","embeddable":true,"href":"https:\/\/iatricskinesiologia.com\/index.php\/wp-json\/wp\/v2\/product_cat?post=627"},{"taxonomy":"product_tag","embeddable":true,"href":"https:\/\/iatricskinesiologia.com\/index.php\/wp-json\/wp\/v2\/product_tag?post=627"}],"curies":[{"name":"wp","href":"https:\/\/api.w.org\/{rel}","templated":true}]}}