{"id":801,"date":"2025-07-03T13:52:13","date_gmt":"2025-07-03T13:52:13","guid":{"rendered":"https:\/\/iatricskinesiologia.com\/?page_id=801"},"modified":"2025-07-03T14:45:20","modified_gmt":"2025-07-03T14:45:20","slug":"programa-de-bienestar-de-columna-para-dolores-cronicos","status":"publish","type":"page","link":"https:\/\/iatricskinesiologia.com\/index.php\/programa-de-bienestar-de-columna-para-dolores-cronicos\/","title":{"rendered":"Programa de bienestar de columna\u00a0para dolores cr\u00f3nicos"},"content":{"rendered":"\n<div class=\"wp-block-columns is-layout-flex wp-container-core-columns-is-layout-9d6595d7 wp-block-columns-is-layout-flex\">\n<div class=\"wp-block-column is-layout-flow wp-block-column-is-layout-flow\">\n<figure class=\"wp-block-image size-full\"><img fetchpriority=\"high\" decoding=\"async\" width=\"680\" height=\"450\" src=\"https:\/\/iatricskinesiologia.com\/wp-content\/uploads\/2025\/07\/columna-vertebral.jpg\" alt=\"\" class=\"wp-image-802\" srcset=\"https:\/\/iatricskinesiologia.com\/wp-content\/uploads\/2025\/07\/columna-vertebral.jpg 680w, https:\/\/iatricskinesiologia.com\/wp-content\/uploads\/2025\/07\/columna-vertebral-300x199.jpg 300w, https:\/\/iatricskinesiologia.com\/wp-content\/uploads\/2025\/07\/columna-vertebral-91x60.jpg 91w, https:\/\/iatricskinesiologia.com\/wp-content\/uploads\/2025\/07\/columna-vertebral-600x397.jpg 600w\" sizes=\"(max-width: 680px) 100vw, 680px\" \/><\/figure>\n<\/div>\n\n\n\n<div class=\"wp-block-column is-layout-flow wp-block-column-is-layout-flow\">\n<p>Soy <strong>Agus Merediz<\/strong>, Kinesiologa y Directora de IATRICS. A lo largo de mi carrera descubr\u00ed que muchos de mis pacientes necesitan sobre todo acompa\u00f1amiento y mejorar los h\u00e1bitos que ya tienen, por que solo\u00a0 con ir al gimnasio o al kinesi\u00f3logo no es suficiente. Es por eso que decid\u00ed crear este programa en el que, <strong>durante 5 semanas trabajaremos con un plan de ejercicios personalizados para ayudarte a reducir dolores, mejorar tu movilidad y sentirte m\u00e1s fuerte<\/strong>. Pero sobre todo para que dejes de automedicarte, poniendo parches a tu salud,\u00a0 y cuentes con las herramientas necesarias para saber <em><strong>qu\u00e9 hacer<\/strong> <\/em>en cada momento.<\/p>\n<\/div>\n<\/div>\n\n\n\n<hr class=\"wp-block-separator has-alpha-channel-opacity\"\/>\n\n\n\n<div class=\"wp-block-columns is-layout-flex wp-container-core-columns-is-layout-9d6595d7 wp-block-columns-is-layout-flex\">\n<div class=\"wp-block-column is-layout-flow wp-block-column-is-layout-flow\">\n<p><strong>\u00bfEs para vos?<\/strong><\/p>\n\n\n\n<p>Si probaste otras terapias y no te funcionaron; si combinaste kinesiologia+osteopatia+reeducaci\u00f3n postural y no te result\u00f3; busc\u00e1s ejercicios en internet pero solo perd\u00e9s tiempo y te distra\u00e9s, no sab\u00e9s bien cu\u00e1l es el m\u00e1s indicado par vos. Est\u00e1s comprometido en trabajar por tu bienestar y quieres un plan claro y guiado, \u00a1este programa es para vos!<\/p>\n\n\n\n<p>Incluye:<\/p>\n\n\n\n<p>\u2705 Evaluaci\u00f3n inicial<\/p>\n\n\n\n<p>\u2705 Plan de ejercicios adaptado a tu necesidad<\/p>\n\n\n\n<p>\u2705 Pautas concretas para mejorar tu postura de trabajo y de descanso al dormir<\/p>\n\n\n\n<p>\u2705 Acceso de por vida a nuestras gu\u00edas exclusivas para complementar tu progreso&nbsp;<\/p>\n\n\n\n<p>\u2705 Seguimiento semanal on line\u00a0<\/p>\n\n\n\n<p><strong>\u00bfQu\u00e9 est\u00e1s esperando para comenzar?<\/strong><\/p>\n\n\n\n<p>Los cupos son limitados, porque quiero brindarte atenci\u00f3n personalizada. No dejes pasar esta oportunidad de transformar tu salud. <a href=\"https:\/\/web.whatsapp.com\/send?phone=541138929146&amp;text=Hola%20%C2%BFc%C3%B3mo%20est%C3%A1n%3F%20Me%20gustar%C3%ADa%20solicitar%20un%20turno%20o%20recibir%20m%C3%A1s%20informaci%C3%B3n%20sobre...%20%0D%0ANombre%20y%20apellido%3A\" title=\"\">Escrib\u00ed a nuestro Whatsapp<\/a> y asegur\u00e1 tu lugar. \u00a1Estoy lista para ayudarte a dar el primer paso!<\/p>\n<\/div>\n\n\n\n<div class=\"wp-block-column is-layout-flow wp-block-column-is-layout-flow\">\n<figure class=\"wp-block-image size-large\"><img decoding=\"async\" width=\"1024\" height=\"680\" src=\"https:\/\/iatricskinesiologia.com\/wp-content\/uploads\/2025\/07\/kinesiologia-uc-admisionIMG_3-1024x680.png\" alt=\"\" class=\"wp-image-803\" srcset=\"https:\/\/iatricskinesiologia.com\/wp-content\/uploads\/2025\/07\/kinesiologia-uc-admisionIMG_3-1024x680.png 1024w, https:\/\/iatricskinesiologia.com\/wp-content\/uploads\/2025\/07\/kinesiologia-uc-admisionIMG_3-300x199.png 300w, https:\/\/iatricskinesiologia.com\/wp-content\/uploads\/2025\/07\/kinesiologia-uc-admisionIMG_3-768x510.png 768w, https:\/\/iatricskinesiologia.com\/wp-content\/uploads\/2025\/07\/kinesiologia-uc-admisionIMG_3-90x60.png 90w, https:\/\/iatricskinesiologia.com\/wp-content\/uploads\/2025\/07\/kinesiologia-uc-admisionIMG_3-600x398.png 600w, https:\/\/iatricskinesiologia.com\/wp-content\/uploads\/2025\/07\/kinesiologia-uc-admisionIMG_3.png 1280w\" sizes=\"(max-width: 1024px) 100vw, 1024px\" \/><\/figure>\n<\/div>\n<\/div>\n","protected":false},"excerpt":{"rendered":"<p>Soy Agus Merediz, Kinesiologa y Directora de IATRICS. A lo largo de mi carrera descubr\u00ed que muchos de mis pacientes necesitan sobre todo acompa\u00f1amiento y mejorar los h\u00e1bitos que ya tienen, por que solo\u00a0 con ir al gimnasio o al kinesi\u00f3logo no es suficiente. Es por eso que decid\u00ed crear este programa en el que, &hellip; <\/p>\n","protected":false},"author":1,"featured_media":0,"parent":0,"menu_order":0,"comment_status":"closed","ping_status":"closed","template":"","meta":{"om_disable_all_campaigns":false,"_monsterinsights_skip_tracking":false,"_monsterinsights_sitenote_active":false,"_monsterinsights_sitenote_note":"","_monsterinsights_sitenote_category":0,"_glsr_average":0,"_glsr_ranking":0,"_glsr_reviews":0,"footnotes":""},"class_list":["post-801","page","type-page","status-publish","hentry","grid-sizer"],"aioseo_notices":[],"_links":{"self":[{"href":"https:\/\/iatricskinesiologia.com\/index.php\/wp-json\/wp\/v2\/pages\/801","targetHints":{"allow":["GET"]}}],"collection":[{"href":"https:\/\/iatricskinesiologia.com\/index.php\/wp-json\/wp\/v2\/pages"}],"about":[{"href":"https:\/\/iatricskinesiologia.com\/index.php\/wp-json\/wp\/v2\/types\/page"}],"author":[{"embeddable":true,"href":"https:\/\/iatricskinesiologia.com\/index.php\/wp-json\/wp\/v2\/users\/1"}],"replies":[{"embeddable":true,"href":"https:\/\/iatricskinesiologia.com\/index.php\/wp-json\/wp\/v2\/comments?post=801"}],"version-history":[{"count":2,"href":"https:\/\/iatricskinesiologia.com\/index.php\/wp-json\/wp\/v2\/pages\/801\/revisions"}],"predecessor-version":[{"id":817,"href":"https:\/\/iatricskinesiologia.com\/index.php\/wp-json\/wp\/v2\/pages\/801\/revisions\/817"}],"wp:attachment":[{"href":"https:\/\/iatricskinesiologia.com\/index.php\/wp-json\/wp\/v2\/media?parent=801"}],"curies":[{"name":"wp","href":"https:\/\/api.w.org\/{rel}","templated":true}]}}