{"id":6,"date":"2021-08-10T13:04:53","date_gmt":"2021-08-10T13:04:53","guid":{"rendered":"http:\/\/iatricskinesiologia.com\/?page_id=6"},"modified":"2023-01-24T14:33:10","modified_gmt":"2023-01-24T14:33:10","slug":"inicio","status":"publish","type":"page","link":"https:\/\/iatricskinesiologia.com\/index.php\/inicio\/","title":{"rendered":"Inicio"},"content":{"rendered":"\n<p>\u00a1Bienvenido a tu sitio! Esta es tu p\u00e1gina de inicio, que es la que la mayor\u00eda de visitantes ver\u00e1n cuando vengan a tu sitio por primera vez.<\/p>\n","protected":false},"excerpt":{"rendered":"<p>IATRICS es un centro de kinesiolog\u00eda especializado en Rehabilitaci\u00f3n deportiva, postural y orientado hacia las t\u00e9cnicas manuales. <\/p>\n","protected":false},"author":1,"featured_media":0,"parent":0,"menu_order":0,"comment_status":"closed","ping_status":"closed","template":"elementor_header_footer","meta":{"om_disable_all_campaigns":false,"_monsterinsights_skip_tracking":false,"_monsterinsights_sitenote_active":false,"_monsterinsights_sitenote_note":"","_monsterinsights_sitenote_category":0,"_glsr_average":0,"_glsr_ranking":0,"_glsr_reviews":0,"footnotes":""},"class_list":["post-6","page","type-page","status-publish","hentry","grid-sizer"],"aioseo_notices":[],"_links":{"self":[{"href":"https:\/\/iatricskinesiologia.com\/index.php\/wp-json\/wp\/v2\/pages\/6","targetHints":{"allow":["GET"]}}],"collection":[{"href":"https:\/\/iatricskinesiologia.com\/index.php\/wp-json\/wp\/v2\/pages"}],"about":[{"href":"https:\/\/iatricskinesiologia.com\/index.php\/wp-json\/wp\/v2\/types\/page"}],"author":[{"embeddable":true,"href":"https:\/\/iatricskinesiologia.com\/index.php\/wp-json\/wp\/v2\/users\/1"}],"replies":[{"embeddable":true,"href":"https:\/\/iatricskinesiologia.com\/index.php\/wp-json\/wp\/v2\/comments?post=6"}],"version-history":[{"count":2,"href":"https:\/\/iatricskinesiologia.com\/index.php\/wp-json\/wp\/v2\/pages\/6\/revisions"}],"predecessor-version":[{"id":316,"href":"https:\/\/iatricskinesiologia.com\/index.php\/wp-json\/wp\/v2\/pages\/6\/revisions\/316"}],"wp:attachment":[{"href":"https:\/\/iatricskinesiologia.com\/index.php\/wp-json\/wp\/v2\/media?parent=6"}],"curies":[{"name":"wp","href":"https:\/\/api.w.org\/{rel}","templated":true}]}}