{"id":536,"date":"2024-01-24T11:58:01","date_gmt":"2024-01-24T11:58:01","guid":{"rendered":"https:\/\/iatricskinesiologia.com\/?page_id=536"},"modified":"2024-01-24T12:19:09","modified_gmt":"2024-01-24T12:19:09","slug":"terapias","status":"publish","type":"page","link":"https:\/\/iatricskinesiologia.com\/index.php\/terapias\/","title":{"rendered":"Terapias"},"content":{"rendered":"\n<p class=\"has-large-font-size\">Terapias<\/p>\n\n\n\n<section id=\"about_section\" class=\"about-section\" style=\"margin-top:-50px !important\">\n\t<div id=\"tecnicas\">\n\t<\/div>\n\t\n\t<div class=\"wrapper\">\n\n\t\t<section id=\"bttk_icon_text_widget-14\" class=\"widget widget_bttk_icon_text_widget\">\t\t\t<div class=\"rtc-itw-holder\">\n\t\t\t\t<div class=\"rtc-itw-inner-holder\">\n\t\t\t\t\t<div class=\"text-holder\">\n\t\t\t\t\t<h2 class=\"widget-title\" itemprop=\"name\"><span>Rehabilitaci\u00f3n general y deportiva<\/span><\/h2><div class=\"content\"><p>Consiste en programas de ejercicios individualizados y adaptados a cada necesidad, teniendo en cuenta la patolog\u00eda en curso, su estado y al individuo.<\/p>\n<\/div>\t\t\t\t\t\t\t\t\t\t\t\t  \n\t\t\t\t\t<\/div>\n\t\t\t\t\t\t\t\t\t\t\t<div class=\"icon-holder\">\n\t\t\t\t\t\t\t<img loading=\"lazy\" width=\"150\" height=\"150\" src=\"https:\/\/iatricskinesiologia.com\/wp-content\/uploads\/2021\/08\/rutinas-personalizadas-150x150.png\" class=\"attachment-thumbnail size-thumbnail\" alt=\"Rehabilitaci\u00f3n postural\" decoding=\"async\" loading=\"lazy\" srcset=\"https:\/\/iatricskinesiologia.com\/wp-content\/uploads\/2021\/08\/rutinas-personalizadas-150x150.png 150w, https:\/\/iatricskinesiologia.com\/wp-content\/uploads\/2021\/08\/rutinas-personalizadas-300x300.png 300w, https:\/\/iatricskinesiologia.com\/wp-content\/uploads\/2021\/08\/rutinas-personalizadas-60x60.png 60w, https:\/\/iatricskinesiologia.com\/wp-content\/uploads\/2021\/08\/rutinas-personalizadas.png 512w\" sizes=\"auto, (max-width: 150px) 100vw, 150px\">\t\t\t\t\t\t<\/div>\n\t\t\t\t\t\t\t\t\t<\/div>\n\t\t\t<\/div>\n\t\t<\/section>\n\n<section id=\"bttk_icon_text_widget-16\" class=\"widget widget_bttk_icon_text_widget\">\t\t\t<div class=\"rtc-itw-holder\">\n\t\t\t\t<div class=\"rtc-itw-inner-holder\">\n\t\t\t\t\t<div class=\"text-holder\">\n\t\t\t\t\t<h2 class=\"widget-title\" itemprop=\"name\"><span>Rehabilitaci\u00f3n postural<\/span><\/h2><div class=\"content\"><p>Este proceso se centra en corregir desequilibrios musculares y mejorar la postura para aliviar molestias y prevenir lesiones a largo plazo.\n<\/p>\n<\/div>\t\t\t\t\t\t\t\t\t\t\t\t  \n\t\t\t\t\t<\/div>\n\t\t\t\t\t\t\t\t\t\t\t<div class=\"icon-holder\">\n\t\t\t\t\t\t\t<img loading=\"lazy\" width=\"150\" height=\"150\" src=\"http:\/\/iatricskinesiologia.com\/wp-content\/uploads\/2024\/01\/masaje-150x150.png\" class=\"attachment-thumbnail size-thumbnail\" alt=\"Drenaje linf\u00e1tico manual\" decoding=\"async\" loading=\"lazy\" srcset=\"http:\/\/iatricskinesiologia.com\/wp-content\/uploads\/2024\/01\/masaje-150x150.png 150w, http:\/\/iatricskinesiologia.com\/wp-content\/uploads\/2024\/01\/masaje-300x300.png 300w, http:\/\/iatricskinesiologia.com\/wp-content\/uploads\/2024\/01\/masaje-60x60.png 60w, http:\/\/iatricskinesiologia.com\/wp-content\/uploads\/2024\/01\/masaje.png 512w\" sizes=\"auto, (max-width: 150px) 100vw, 150px\">\t\t\t\t\t\t<\/div>\n\t\t\t\t\t\t\t\t\t<\/div>\n\t\t\t<\/div>\n\t\t<\/section>\n\n<section id=\"bttk_icon_text_widget-17\" class=\"widget widget_bttk_icon_text_widget\">\t\t\t<div class=\"rtc-itw-holder\">\n\t\t\t\t<div class=\"rtc-itw-inner-holder\">\n\t\t\t\t\t<div class=\"text-holder\">\n\t\t\t\t\t<h2 class=\"widget-title\" itemprop=\"name\"><span>Drenajes linf\u00e1ticos<\/span><\/h2><div class=\"content\"><p>Consiste en la movilizaci\u00f3n de la linfa a trav\u00e9s de una red espec\u00edfica con el objetivo de movilizar las toxinas acumuladas en los tejidos para su excreci\u00f3n natural.\n<\/p>\n<\/div>\t\t\t\t\t\t\t\t\t\t\t\t  \n\t\t\t\t\t<\/div>\n\t\t\t\t\t\t\t\t\t\t\t<div class=\"icon-holder\">\n\t\t\t\t\t\t\t<img loading=\"lazy\" width=\"150\" height=\"150\" src=\"https:\/\/iatricskinesiologia.com\/wp-content\/uploads\/2021\/08\/drenaje-linfatico-manual-150x150.png\" class=\"attachment-thumbnail size-thumbnail\" alt=\"Drenajes linf\u00e1ticos\" decoding=\"async\" loading=\"lazy\" srcset=\"https:\/\/iatricskinesiologia.com\/wp-content\/uploads\/2021\/08\/drenaje-linfatico-manual-150x150.png 150w, https:\/\/iatricskinesiologia.com\/wp-content\/uploads\/2021\/08\/drenaje-linfatico-manual-300x300.png 300w, https:\/\/iatricskinesiologia.com\/wp-content\/uploads\/2021\/08\/drenaje-linfatico-manual-60x60.png 60w, https:\/\/iatricskinesiologia.com\/wp-content\/uploads\/2021\/08\/drenaje-linfatico-manual.png 512w\" sizes=\"auto, (max-width: 150px) 100vw, 150px\">\t\t\t\t\t\t<\/div>\n\t\t\t\t\t\t\t\t\t<\/div>\n\t\t\t<\/div>\n\t\t<\/section>\n\n\n\n\n\t<\/div>\n<\/section>\n\n\n\n<hr class=\"wp-block-separator has-alpha-channel-opacity\"\/>\n\n\n\n<p class=\"has-large-font-size\">T\u00e9cnicas<\/p>\n\n\n\n<section id=\"about_section\" class=\"about-section\" style=\"margin-top:-50px !important\">\n\t<div id=\"tecnicas\">\n\t<\/div>\n\t\n\t<div class=\"wrapper\">\n\n<section id=\"bttk_icon_text_widget-21\" class=\"widget widget_bttk_icon_text_widget\">\t\t\t<div class=\"rtc-itw-holder\">\n\t\t\t\t<div class=\"rtc-itw-inner-holder\">\n\t\t\t\t\t<div class=\"text-holder\">\n\t\t\t\t\t<h2 class=\"widget-title\" itemprop=\"name\"><span>Masajes descontracturantes y relajantes<\/span><\/h2><div class=\"content\"><p>Distintas variantes de masajes, pueden ser drenantes, analg\u00e9sicos, relajantes, etc.<\/p>\n<\/div>\t\t\t\t\t\t\t\t\t\t\t\t  \n\t\t\t\t\t<\/div>\n\t\t\t\t\t\t\t\t\t\t\t<div class=\"icon-holder\">\n<img loading=\"lazy\" width=\"150\" height=\"150\" src=\"https:\/\/iatricskinesiologia.com\/wp-content\/uploads\/2021\/08\/masajes-terapeuticos-150x150.png\" class=\"attachment-thumbnail size-thumbnail\" alt=\"Masajes terap\u00e9uticos\" decoding=\"async\" loading=\"lazy\" srcset=\"https:\/\/iatricskinesiologia.com\/wp-content\/uploads\/2021\/08\/masajes-terapeuticos-150x150.png 150w, https:\/\/iatricskinesiologia.com\/wp-content\/uploads\/2021\/08\/masajes-terapeuticos-300x300.png 300w, https:\/\/iatricskinesiologia.com\/wp-content\/uploads\/2021\/08\/masajes-terapeuticos-60x60.png 60w, https:\/\/iatricskinesiologia.com\/wp-content\/uploads\/2021\/08\/masajes-terapeuticos.png 512w\" sizes=\"auto, (max-width: 150px) 100vw, 150px\">\t\n\n\t\t\t\t\t\t\t\t\t\t\t\t\t<\/div>\n\t\t\t\t\t\t\t\t\t<\/div>\n\t\t\t<\/div>\n\t\t<\/section>\n\n\n\t\t<section id=\"bttk_icon_text_widget-14\" class=\"widget widget_bttk_icon_text_widget\">\t\t\t<div class=\"rtc-itw-holder\">\n\t\t\t\t<div class=\"rtc-itw-inner-holder\">\n\t\t\t\t\t<div class=\"text-holder\">\n\t\t\t\t\t<h2 class=\"widget-title\" itemprop=\"name\"><span>T\u00e9cnicas manuales<\/span><\/h2><div class=\"content\"><p>Ponemos a disposici\u00f3n de cada paciente todo nuestro conocimiento.\n<\/p>\n<\/div>\t\t\t\t\t\t\t\t\t\t\t\t  \n\t\t\t\t\t<\/div>\n\t\t\t\t\t\t\t\t\t\t\t<div class=\"icon-holder\">\n\t\t\t\t\t\t\t<img loading=\"lazy\" width=\"150\" height=\"150\" src=\"https:\/\/iatricskinesiologia.com\/wp-content\/uploads\/2021\/08\/tecnicas-manuales-150x150.png\" class=\"attachment-thumbnail size-thumbnail\" alt=\"T\u00e9cnicas manuales\" decoding=\"async\" loading=\"lazy\" srcset=\"https:\/\/iatricskinesiologia.com\/wp-content\/uploads\/2021\/08\/tecnicas-manuales-150x150.png 150w, https:\/\/iatricskinesiologia.com\/wp-content\/uploads\/2021\/08\/tecnicas-manuales-300x300.png 300w, https:\/\/iatricskinesiologia.com\/wp-content\/uploads\/2021\/08\/tecnicas-manuales-60x60.png 60w, https:\/\/iatricskinesiologia.com\/wp-content\/uploads\/2021\/08\/tecnicas-manuales.png 512w\" sizes=\"auto, (max-width: 150px) 100vw, 150px\">\t\t\t\t\t<\/div>\n\t\t\t\t\t\t\t\t\t<\/div>\n\t\t\t<\/div>\n\t\t<\/section>\n<section id=\"bttk_icon_text_widget-20\" class=\"widget widget_bttk_icon_text_widget\">\t\t\t<div class=\"rtc-itw-holder\">\n\t\t\t\t<div class=\"rtc-itw-inner-holder\">\n\t\t\t\t\t<div class=\"text-holder\">\n\t\t\t\t\t<h2 class=\"widget-title\" itemprop=\"name\"><span>Rutinas personalizadas<\/span><\/h2><div class=\"content\"><p>Consiste en programas de ejercicios individualizados y adaptados a cada necesidad, teniendo en cuenta la patolog\u00eda en curso, su estado y al individuo.<\/p>\n<\/div>\t\t\t\t\t\t\t\t\t\t\t\t  \n\t\t\t\t\t<\/div>\n\t\t\t\t\t\t\t\t\t\t\t<div class=\"icon-holder\">\n\t\t\t\t\t\t\t<img loading=\"lazy\" width=\"150\" height=\"150\" src=\"https:\/\/iatricskinesiologia.com\/wp-content\/uploads\/2021\/08\/rutinas-personalizadas-150x150.png\" class=\"attachment-thumbnail size-thumbnail\" alt=\"Rutinas personalizadas\" decoding=\"async\" loading=\"lazy\" srcset=\"https:\/\/iatricskinesiologia.com\/wp-content\/uploads\/2021\/08\/rutinas-personalizadas-150x150.png 150w, https:\/\/iatricskinesiologia.com\/wp-content\/uploads\/2021\/08\/rutinas-personalizadas-300x300.png 300w, https:\/\/iatricskinesiologia.com\/wp-content\/uploads\/2021\/08\/rutinas-personalizadas-60x60.png 60w, https:\/\/iatricskinesiologia.com\/wp-content\/uploads\/2021\/08\/rutinas-personalizadas.png 512w\" sizes=\"auto, (max-width: 150px) 100vw, 150px\">\t\t\t\t\t\t<\/div>\n\t\t\t\t\t\t\t\t\t<\/div>\n\t\t\t<\/div>\n\t\t<\/section>\n\n<section id=\"bttk_icon_text_widget-17\" class=\"widget widget_bttk_icon_text_widget\">\t\t\t<div class=\"rtc-itw-holder\">\n\t\t\t\t<div class=\"rtc-itw-inner-holder\">\n\t\t\t\t\t<div class=\"text-holder\">\n\t\t\t\t\t<h2 class=\"widget-title\" itemprop=\"name\"><span>Vendajes deportivos<\/span><\/h2><div class=\"content\"><p>\u00danicos y espec\u00edficos adaptados a la necesidad de cada paciente.\n<\/p>\n<\/div>\t\t\t\t\t\t\t\t\t\t\t\t  \n\t\t\t\t\t<\/div>\n\t\t\t\t\t\t\t\t\t\t\t<div class=\"icon-holder\">\n\t\t\t\t\t\t\t<img loading=\"lazy\" width=\"150\" height=\"150\" src=\"https:\/\/iatricskinesiologia.com\/wp-content\/uploads\/2021\/08\/vendajes-funcionales-150x150.png\" class=\"attachment-thumbnail size-thumbnail\" alt=\"Vendajes funcionales\" decoding=\"async\" loading=\"lazy\" srcset=\"https:\/\/iatricskinesiologia.com\/wp-content\/uploads\/2021\/08\/vendajes-funcionales-150x150.png 150w, https:\/\/iatricskinesiologia.com\/wp-content\/uploads\/2021\/08\/vendajes-funcionales-300x300.png 300w, https:\/\/iatricskinesiologia.com\/wp-content\/uploads\/2021\/08\/vendajes-funcionales-60x60.png 60w, https:\/\/iatricskinesiologia.com\/wp-content\/uploads\/2021\/08\/vendajes-funcionales.png 512w\" sizes=\"auto, (max-width: 150px) 100vw, 150px\">\t\t\t\t\t\t<\/div>\n\t\t\t\t\t\t\t\t\t<\/div>\n\t\t\t<\/div>\n\t\t<\/section>\n\n\t<\/div>\n<\/section>\n\n\n\n<hr class=\"wp-block-separator has-alpha-channel-opacity\"\/>\n\n\n\n<p class=\"has-large-font-size\">Terapias alternativas<\/p>\n\n\n\n<section id=\"about_section\" class=\"about-section\" style=\"margin-top:-50px !important\">\n\t<div id=\"tecnicas\">\n\t<\/div>\n\t\n\t<div class=\"wrapper\">\n\n<section id=\"bttk_icon_text_widget-18\" class=\"widget widget_bttk_icon_text_widget\">\t\t\t<div class=\"rtc-itw-holder\">\n\t\t\t\t<div class=\"rtc-itw-inner-holder\">\n\t\t\t\t\t<div class=\"text-holder\">\n\t\t\t\t\t<h2 class=\"widget-title\" itemprop=\"name\"><span>Ventosas<\/span><\/h2><div class=\"content\"><p>Es una t\u00e9cnica oriental que utiliza presi\u00f3n negativa mediante la succi\u00f3n del tejido por medio de dispositivos dise\u00f1ados para tal fin. Muy utilizada para contracturas de larga data.<\/p>\n<\/div>\t\t\t\t\t\t\t\t\t\t\t\t  \n\t\t\t\t\t<\/div>\n\t\t\t\t\t\t\t\t\t\t\t<div class=\"icon-holder\">\n\t\t\t\t\t\t\t<img loading=\"lazy\" width=\"150\" height=\"150\" src=\"https:\/\/iatricskinesiologia.com\/wp-content\/uploads\/2021\/08\/ventosas-150x150.png\" class=\"attachment-thumbnail size-thumbnail\" alt=\"Ventosas\" decoding=\"async\" loading=\"lazy\" srcset=\"https:\/\/iatricskinesiologia.com\/wp-content\/uploads\/2021\/08\/ventosas-150x150.png 150w, https:\/\/iatricskinesiologia.com\/wp-content\/uploads\/2021\/08\/ventosas-300x300.png 300w, https:\/\/iatricskinesiologia.com\/wp-content\/uploads\/2021\/08\/ventosas-60x60.png 60w, https:\/\/iatricskinesiologia.com\/wp-content\/uploads\/2021\/08\/ventosas.png 512w\" sizes=\"auto, (max-width: 150px) 100vw, 150px\">\t\t\t\t\t\t<\/div>\n\t\t\t\t\t\t\t\t\t<\/div>\n\t\t\t<\/div>\n\t\t<\/section>\n\n<section id=\"bttk_icon_text_widget-19\" class=\"widget widget_bttk_icon_text_widget\">\t\t\t<div class=\"rtc-itw-holder\">\n\t\t\t\t<div class=\"rtc-itw-inner-holder\">\n\t\t\t\t\t<div class=\"text-holder\">\n\t\t\t\t\t<h2 class=\"widget-title\" itemprop=\"name\"><span>Punci\u00f3n seca<\/span><\/h2><div class=\"content\"><p>Variante de la acupuntura que trabaja sobre el dolor puntual.<\/p>\n<\/div>\t\t\t\t\t\t\t\t\t\t\t\t  \n\t\t\t\t\t<\/div>\n\t\t\t\t\t\t\t\t\t\t\t<div class=\"icon-holder\">\n\t\t\t\t\t\t\t<img loading=\"lazy\" width=\"150\" height=\"150\" src=\"https:\/\/iatricskinesiologia.com\/wp-content\/uploads\/2021\/08\/puncion-seca-150x150.png\" class=\"attachment-thumbnail size-thumbnail\" alt=\"Punci\u00f3n seca\" decoding=\"async\" loading=\"lazy\" srcset=\"https:\/\/iatricskinesiologia.com\/wp-content\/uploads\/2021\/08\/puncion-seca-150x150.png 150w, https:\/\/iatricskinesiologia.com\/wp-content\/uploads\/2021\/08\/puncion-seca-300x300.png 300w, https:\/\/iatricskinesiologia.com\/wp-content\/uploads\/2021\/08\/puncion-seca-60x60.png 60w, https:\/\/iatricskinesiologia.com\/wp-content\/uploads\/2021\/08\/puncion-seca.png 512w\" sizes=\"auto, (max-width: 150px) 100vw, 150px\">\t\t\t\t\t\t<\/div>\n\t\t\t\t\t\t\t\t\t<\/div>\n\t\t\t<\/div>\n\t\t<\/section>\n\n\t<\/div>\n<\/section>\n","protected":false},"excerpt":{"rendered":"<p>Terapias Rehabilitaci\u00f3n general y deportiva Consiste en programas de ejercicios individualizados y adaptados a cada necesidad, teniendo en cuenta la patolog\u00eda en curso, su estado y al individuo. Rehabilitaci\u00f3n postural Este proceso se centra en corregir desequilibrios musculares y mejorar la postura para aliviar molestias y prevenir lesiones a largo plazo. Drenajes linf\u00e1ticos Consiste en &hellip; <\/p>\n","protected":false},"author":1,"featured_media":0,"parent":0,"menu_order":0,"comment_status":"closed","ping_status":"closed","template":"","meta":{"om_disable_all_campaigns":false,"_monsterinsights_skip_tracking":false,"_monsterinsights_sitenote_active":false,"_monsterinsights_sitenote_note":"","_monsterinsights_sitenote_category":0,"_glsr_average":0,"_glsr_ranking":0,"_glsr_reviews":0,"footnotes":""},"class_list":["post-536","page","type-page","status-publish","hentry","grid-sizer"],"aioseo_notices":[],"_links":{"self":[{"href":"https:\/\/iatricskinesiologia.com\/index.php\/wp-json\/wp\/v2\/pages\/536","targetHints":{"allow":["GET"]}}],"collection":[{"href":"https:\/\/iatricskinesiologia.com\/index.php\/wp-json\/wp\/v2\/pages"}],"about":[{"href":"https:\/\/iatricskinesiologia.com\/index.php\/wp-json\/wp\/v2\/types\/page"}],"author":[{"embeddable":true,"href":"https:\/\/iatricskinesiologia.com\/index.php\/wp-json\/wp\/v2\/users\/1"}],"replies":[{"embeddable":true,"href":"https:\/\/iatricskinesiologia.com\/index.php\/wp-json\/wp\/v2\/comments?post=536"}],"version-history":[{"count":20,"href":"https:\/\/iatricskinesiologia.com\/index.php\/wp-json\/wp\/v2\/pages\/536\/revisions"}],"predecessor-version":[{"id":566,"href":"https:\/\/iatricskinesiologia.com\/index.php\/wp-json\/wp\/v2\/pages\/536\/revisions\/566"}],"wp:attachment":[{"href":"https:\/\/iatricskinesiologia.com\/index.php\/wp-json\/wp\/v2\/media?parent=536"}],"curies":[{"name":"wp","href":"https:\/\/api.w.org\/{rel}","templated":true}]}}